{"id":10956,"date":"2023-04-03T16:31:59","date_gmt":"2023-04-03T14:31:59","guid":{"rendered":"https:\/\/assises-energie.org\/practical-informations\/"},"modified":"2025-02-14T15:42:24","modified_gmt":"2025-02-14T14:42:24","slug":"practical-informations","status":"publish","type":"page","link":"https:\/\/assises-energie.org\/en\/practical-informations\/","title":{"rendered":"Practical informations"},"content":{"rendered":"\n<div class=\"wp-block-columns is-layout-flex wp-container-core-columns-is-layout-9d6595d7 wp-block-columns-is-layout-flex\">\n<div class=\"wp-block-column is-layout-flow wp-block-column-is-layout-flow\"><\/div>\n<\/div>\n\n\n\n<div class=\"wp-block-columns is-layout-flex wp-container-core-columns-is-layout-9d6595d7 wp-block-columns-is-layout-flex\">\n<div class=\"wp-block-column is-layout-flow wp-block-column-is-layout-flow\">\n<div class=\"wp-block-media-text alignwide is-stacked-on-mobile\" style=\"grid-template-columns:40% auto\"><figure class=\"wp-block-media-text__media\"><img loading=\"lazy\" decoding=\"async\" width=\"1024\" height=\"683\" src=\"https:\/\/assises-energie.org\/wp-content\/uploads\/2025\/02\/territoire-hote-006A9287-1024x683.jpg\" alt=\"\" class=\"wp-image-10918 size-full\"\/><\/figure><div class=\"wp-block-media-text__content\">\n<h2 class=\"wp-block-heading\">Eurom\u00e9tropole de Strasbourg<\/h2>\n\n\n\n<div class=\"wp-block-columns is-layout-flex wp-container-core-columns-is-layout-9d6595d7 wp-block-columns-is-layout-flex\">\n<div class=\"wp-block-column is-layout-flow wp-block-column-is-layout-flow\">\n<p>The Eurometropole of Strasbourg (33 municipalities and 515,000 inhabitants) is the capital of the Grand-Est region, located at the heart of Europe and 2 hours by high-speed train from Paris. The Eurometropole benefits from a worldwide recognition, in particular, thanks to its European institutions, which make it a European capital, its remarkable architectural heritage designated a UNESCO World Heritage Site, and its internationally renowned university cluster.<\/p>\n\n\n\n<p>Over the past few months, the City and Eurometropole of Strasbourg have undertaken a number of projects in the fields of mobility, ecological transition, greening, waste recovery, job preservation, local economy, solidarity, adapted and innovative public services, stronger participative democracy, and closer cooperation with neighbouring and cross-border territories&#8230;<\/p>\n<\/div>\n<\/div>\n<\/div><\/div>\n<\/div>\n<\/div>\n\n\n\n<div style=\"height:28px\" aria-hidden=\"true\" class=\"wp-block-spacer\"><\/div>\n\n\n\n<div class=\"wp-block-columns is-layout-flex wp-container-core-columns-is-layout-9d6595d7 wp-block-columns-is-layout-flex\">\n<div class=\"wp-block-column is-layout-flow wp-block-column-is-layout-flow\" style=\"flex-basis:100%\">\n<div style=\"height:30px\" aria-hidden=\"true\" class=\"wp-block-spacer\"><\/div>\n\n\n\n<div class=\"wp-block-columns is-layout-flex wp-container-core-columns-is-layout-9d6595d7 wp-block-columns-is-layout-flex\">\n<div class=\"wp-block-column is-layout-flow wp-block-column-is-layout-flow\" style=\"flex-basis:100%\">\n<h2 class=\"wp-block-heading\">Palais de la Musique et des Congr\u00e8s \u2013 Strasbourg<\/h2>\n\n\n\n<p>The Palais de la Musique et des Congr\u00e8s of Strasbourg, located close to the city centre and in the heart of the European district, features contemporary architecture and high-tech facilities. Today, the Palais de la Musique et des Congr\u00e8s is a leading venue for international congresses, conferences and seminars within the Strasbourg Eurometropole.<\/p>\n\n\n\n<p>This venue offers complementary exhibition spaces, meeting rooms and auditoriums, making it the ideal venue for your conventions, seminars, colloquia, business meetings and shows.<\/p>\n\n\n\n<p>Palais de la Musique et des Congr\u00e8s de Strasbourg<br>Place de Bordeaux<\/p>\n\n\n\n<p>67082 Strasbourg<\/p>\n<\/div>\n<\/div>\n<\/div>\n<\/div>\n\n\n\n<div style=\"height:30px\" aria-hidden=\"true\" class=\"wp-block-spacer\"><\/div>\n\n\n\n<div class=\"wp-block-group\"><div class=\"wp-block-group__inner-container is-layout-flow wp-block-group-is-layout-flow\">\n<h4 class=\"has-light-green-cyan-color has-text-color wp-block-heading\"><strong>GETTING THERE BY BUS<\/strong><\/h4>\n\n\n\n<p>From Strasbourg station:<\/p>\n\n\n\n<p>Take bus line H towards Parlement Europ\u00e9en, get off at Palais de la Musique et des Congr\u00e8s or take bus line 2 towards Jardin des Deux rives, get off at Lyc\u00e9e Kl\u00e9ber.<\/p>\n\n\n\n<h5 class=\"has-light-green-cyan-color has-text-color wp-block-heading\">GETTING THERE BY TRAM<\/h5>\n\n\n\n<p>From the city centre take the tram B towards Lingolsheim Tiergaertel, get off at Wacken.<\/p>\n\n\n\n<h4 class=\"has-light-green-cyan-color has-text-color wp-block-heading\">GETTEING THERE BY CAR OR CARPOOL<\/h4>\n\n\n\n<p>Take A35 \/ A4<\/p>\n\n\n\n<p>Wacken exit<\/p>\n\n\n\n<p>Pay parking for visitors<\/p>\n\n\n\n<p>Parking Parc des Expositions &#8211; Rue Fritz Kieffer<\/p>\n\n\n\n<h2 class=\"wp-block-heading\">Don&#8217;t forget your impact on the environment: choose low-carbon transports!<\/h2>\n<\/div><\/div>\n\n\n\n<div class=\"wp-block-columns is-layout-flex wp-container-core-columns-is-layout-9d6595d7 wp-block-columns-is-layout-flex\">\n<div class=\"wp-block-column is-layout-flow wp-block-column-is-layout-flow\"><\/div>\n<\/div>\n","protected":false},"excerpt":{"rendered":"<p>Eurom\u00e9tropole de Strasbourg The Eurometropole of Strasbourg (33 municipalities and 515,000 inhabitants) is the capital of the Grand-Est region, located at the heart of Europe and 2 hours by high-speed train from Paris. The Eurometropole benefits from a worldwide recognition, [&hellip;]<\/p>\n","protected":false},"author":5,"featured_media":7897,"parent":0,"menu_order":23,"comment_status":"closed","ping_status":"closed","template":"","meta":{"_acf_changed":false,"_seopress_robots_primary_cat":"","_seopress_titles_title":"","_seopress_titles_desc":"","_seopress_robots_index":"","footnotes":""},"class_list":["post-10956","page","type-page","status-publish","has-post-thumbnail","hentry"],"acf":[],"_links":{"self":[{"href":"https:\/\/assises-energie.org\/en\/wp-json\/wp\/v2\/pages\/10956","targetHints":{"allow":["GET"]}}],"collection":[{"href":"https:\/\/assises-energie.org\/en\/wp-json\/wp\/v2\/pages"}],"about":[{"href":"https:\/\/assises-energie.org\/en\/wp-json\/wp\/v2\/types\/page"}],"author":[{"embeddable":true,"href":"https:\/\/assises-energie.org\/en\/wp-json\/wp\/v2\/users\/5"}],"replies":[{"embeddable":true,"href":"https:\/\/assises-energie.org\/en\/wp-json\/wp\/v2\/comments?post=10956"}],"version-history":[{"count":1,"href":"https:\/\/assises-energie.org\/en\/wp-json\/wp\/v2\/pages\/10956\/revisions"}],"predecessor-version":[{"id":10959,"href":"https:\/\/assises-energie.org\/en\/wp-json\/wp\/v2\/pages\/10956\/revisions\/10959"}],"wp:featuredmedia":[{"embeddable":true,"href":"https:\/\/assises-energie.org\/en\/wp-json\/wp\/v2\/media\/7897"}],"wp:attachment":[{"href":"https:\/\/assises-energie.org\/en\/wp-json\/wp\/v2\/media?parent=10956"}],"curies":[{"name":"wp","href":"https:\/\/api.w.org\/{rel}","templated":true}]}}