{"id":3152,"date":"2021-10-04T13:26:39","date_gmt":"2021-10-04T11:26:39","guid":{"rendered":"https:\/\/assises-energie.org\/visiteurs\/"},"modified":"2021-10-19T15:56:17","modified_gmt":"2021-10-19T13:56:17","slug":"visiteurs","status":"publish","type":"page","link":"https:\/\/assises-energie.org\/en\/visiteurs\/","title":{"rendered":"Visiteurs"},"content":{"rendered":"<div  class=\"one withsmallpadding ppb_header \" style=\"text-align:left;padding:30px 0 30px 0;\" >\n<div class=\"standard_wrapper\">\n<div class=\"page_content_wrapper\">\n<div class=\"inner\">\n<div style=\"width:100%\">\n<h2 class=\"ppb_title\" style=\";text-align:left;\">LES ASSISES EUROPEENNES DE LA TRANSITION ENERGETIQUE<\/h2>\n<div class=\"ppb_header_content\">\n<p>Rendez-vous annuel incontournable des acteurs engag\u00e9s dans la transition \u00e9nerg\u00e9tique des territoires depuis 1999, les Assises Europ\u00e9ennes de la Transition Energ\u00e9tiques accueillent chaque ann\u00e9e plus de 3500 participants \u2013 collectivit\u00e9s, scientifiques et experts de la transition \u00e9cologique, acteurs \u00e9conomiques et associatifs, pour 3 jours de d\u00e9bats et de rencontres. Au programme : plus de 100 rendez-vous : pl\u00e9ni\u00e8res, tables rondes, entretiens, t\u00e9moignages, ateliers ou encore visites de sites, pour se rencontrer, \u00e9changer, partager et faire le plein d\u2019inspiration !<\/p>\n<ul>\n<li>Des pl\u00e9ni\u00e8res men\u00e9es par des experts et grands t\u00e9moins pour poser les grands enjeux actuels de la transition \u00e9nerg\u00e9tique.<\/li>\n<li>Un large programme d\u2019ateliers, imagin\u00e9 en collaboration avec les acteurs locaux engag\u00e9s dans la transition \u00e9nerg\u00e9tique pour faire des Assises un v\u00e9ritable laboratoire d\u2019id\u00e9es et un concentr\u00e9 d\u2019exp\u00e9riences et de solutions concr\u00e8tes.<\/li>\n<li>Des visites th\u00e9matiques \u00e0 la d\u00e9couverte des initiatives \u00e9nerg\u00e9tiques durables mises en \u0153uvre par le territoire d\u2019accueil. Les Assises donnent aussi \u00e0 voir la transition \u00e9nerg\u00e9tique en action !<\/li>\n<li>Un Carrefour des M\u00e9tiers de la Transition Energ\u00e9tique, v\u00e9ritable \u00ab \u00e9v\u00e9nement dans l\u2019\u00e9v\u00e9nement \u00bb, qui met \u00e0 l\u2019honneur les nouvelles fili\u00e8res professionnelles et nouveaux m\u00e9tiers en lien avec la transition \u00e9nerg\u00e9tique.<\/li>\n<li>Un espace d\u00e9di\u00e9 \u00e0 l\u2019innovation en mati\u00e8re de mobilit\u00e9, d\u2019habitat, de valorisation des d\u00e9chets, de nouvelles \u00e9nergies : le village de la transition \u00e9nerg\u00e9tique !<\/li>\n<\/ul>\n<p>Pour participer et vous inscrire : XXXX<\/p>\n<h3>\u00ab LE OFF \u00bb des Assises !<\/h3>\n<p>En parall\u00e8le de cette programmation \u00ab IN \u00bb, les Assises proposent \u00e9galement un programme \u00ab OFF \u00bb &#8211; un mois d\u2019animations \u00e0 destination du grand public sur l\u2019ensemble du territoire d\u2019accueil de l\u2019\u00e9v\u00e9nement ! Ateliers, expositions, balades, projections, jeux, spectacles, concerts\u2026 A la fois p\u00e9dagogique et ludique, le programme s\u2019adresse \u00e0 tous les publics : enfants, adultes, amateurs \u00e9clair\u00e9s, curieux ou sp\u00e9cialistes de la question de la transition \u00e9nerg\u00e9tique et \u00e9cologique. Au total plus de 50 \u00e9v\u00e9nements \u00e9nergisants, port\u00e9s par les associations locales et les collectivit\u00e9s du territoire !<\/p>\n<p><a href=\"#\" class=\"cta\">Plus d\u2019infos ICI (+ lien web)<\/a><\/p>\n<\/div>\n<\/div>\n<\/div>\n<\/div>\n<\/div>\n<\/div>\n<div  class=\"one withsmallpadding ppb_header \" style=\"text-align:left;padding:30px 0 30px 0;\" >\n<div class=\"standard_wrapper\">\n<div class=\"page_content_wrapper\">\n<div class=\"inner\">\n<div style=\"width:100%\">\n<h2 class=\"ppb_title\" style=\";text-align:left;\">LES ASSISES EUROPEENNES DE LA TRANSITION ENERGETIQUE<\/h2>\n<div class=\"ppb_header_content\">\n<p>Rendez-vous annuel incontournable des acteurs engag\u00e9s dans la transition \u00e9nerg\u00e9tique des territoires depuis 1999, les Assises Europ\u00e9ennes de la Transition Energ\u00e9tiques accueillent chaque ann\u00e9e plus de 3500 participants \u2013 collectivit\u00e9s, scientifiques et experts de la transition \u00e9cologique, acteurs \u00e9conomiques et associatifs, pour 3 jours de d\u00e9bats et de rencontres. Au programme : plus de 100 rendez-vous : pl\u00e9ni\u00e8res, tables rondes, entretiens, t\u00e9moignages, ateliers ou encore visites de sites, pour se rencontrer, \u00e9changer, partager et faire le plein d\u2019inspiration !<\/p>\n<ul>\n<li>Des pl\u00e9ni\u00e8res men\u00e9es par des experts et grands t\u00e9moins pour poser les grands enjeux actuels de la transition \u00e9nerg\u00e9tique.<\/li>\n<li>Un large programme d\u2019ateliers, imagin\u00e9 en collaboration avec les acteurs locaux engag\u00e9s dans la transition \u00e9nerg\u00e9tique pour faire des Assises un v\u00e9ritable laboratoire d\u2019id\u00e9es et un concentr\u00e9 d\u2019exp\u00e9riences et de solutions concr\u00e8tes.<\/li>\n<li>Des visites th\u00e9matiques \u00e0 la d\u00e9couverte des initiatives \u00e9nerg\u00e9tiques durables mises en \u0153uvre par le territoire d\u2019accueil. Les Assises donnent aussi \u00e0 voir la transition \u00e9nerg\u00e9tique en action !<\/li>\n<li>Un Carrefour des M\u00e9tiers de la Transition Energ\u00e9tique, v\u00e9ritable \u00ab \u00e9v\u00e9nement dans l\u2019\u00e9v\u00e9nement \u00bb, qui met \u00e0 l\u2019honneur les nouvelles fili\u00e8res professionnelles et nouveaux m\u00e9tiers en lien avec la transition \u00e9nerg\u00e9tique.<\/li>\n<li>Un espace d\u00e9di\u00e9 \u00e0 l\u2019innovation en mati\u00e8re de mobilit\u00e9, d\u2019habitat, de valorisation des d\u00e9chets, de nouvelles \u00e9nergies : le village de la transition \u00e9nerg\u00e9tique !<\/li>\n<\/ul>\n<p>Pour participer et vous inscrire : XXXX<\/p>\n<h3>\u00ab LE OFF \u00bb des Assises !<\/h3>\n<p>En parall\u00e8le de cette programmation \u00ab IN \u00bb, les Assises proposent \u00e9galement un programme \u00ab OFF \u00bb &#8211; un mois d\u2019animations \u00e0 destination du grand public sur l\u2019ensemble du territoire d\u2019accueil de l\u2019\u00e9v\u00e9nement ! Ateliers, expositions, balades, projections, jeux, spectacles, concerts\u2026 A la fois p\u00e9dagogique et ludique, le programme s\u2019adresse \u00e0 tous les publics : enfants, adultes, amateurs \u00e9clair\u00e9s, curieux ou sp\u00e9cialistes de la question de la transition \u00e9nerg\u00e9tique et \u00e9cologique. Au total plus de 50 \u00e9v\u00e9nements \u00e9nergisants, port\u00e9s par les associations locales et les collectivit\u00e9s du territoire !<\/p>\n<p><a href=\"#\" class=\"cta\">Plus d\u2019infos ICI (+ lien web)<\/a><\/p>\n<\/div>\n<\/div>\n<\/div>\n<\/div>\n<\/div>\n<\/div>\n<div  class=\"one withsmallpadding ppb_header \" style=\"text-align:left;padding:30px 0 30px 0;\" >\n<div class=\"standard_wrapper\">\n<div class=\"page_content_wrapper\">\n<div class=\"inner\">\n<div style=\"width:100%\">\n<div class=\"ppb_header_content\">\n<\/div>\n<\/div>\n<\/div>\n<\/div>\n<\/div>\n<\/div>\n<div  class=\"one\" >\n<div class=\"standard_wrapper\">\n<div class=\"page_content_wrapper\">\n<div class=\"inner\">\n<div class=\"one_half content_middle textright\" style=\"padding:0px;\">\n<div class=\"ppb_header_content\">\n<div class=\"wp-block-column\">\n<h2>\u00c9DITION 2021 <\/h2>\n<h2 class=\"has-cyan-bluish-gray-color has-text-color\">FLOORPLAN<\/h2>\n<p>Le Grand Gen\u00e8ve est un vaste territoire, \u00e0 cheval entre les cantons suisses de Gen\u00e8ve et de Vaud, et les d\u00e9partements fran\u00e7ais de l\u2019Ain et de la Haute-Savoie. Son bassin de vie attrayant, situ\u00e9 dans un environnement naturel exceptionnel, en fait une m\u00e9tropole mondiale r\u00e9guli\u00e8rement en t\u00eate des classements des villes o\u00f9 il fait bon vivre.<\/p>\n<div class=\"wp-block-buttons\">\n<div class=\"wp-block-button\"><a class=\"wp-block-button__link\">T\u00e9l\u00e9charger le plan<\/a><\/div>\n<\/div>\n<\/div>\n<\/div>\n<\/div>\n<div class=\"one_half last\"><\/div>\n<p><br class=\"clear\"\/><\/div>\n<\/div>\n<\/div>\n<\/div>\n<div  class=\"one withsmallpadding ppb_content_half_map\" >\n<div class=\"map_shortcode_wrapper\" id=\"map16346517771949686734\" style=\"width:100%;height:600px\">\n<div class=\"map-marker\" ><\/div>\n<\/div>\n<div class=\"standard_wrapper\">\n<div class=\"page_content_wrapper\">\n<div class=\"inner\">\n<div class=\"one_third_bg floatright\" style=\"background:#ffffff;background:rgb(255,255,255,1);background:rgba(255,255,255,1);padding:30px;\" data-stellar-ratio=\"1.3\">\n<h2 class=\"ppb_title\" style=\"\">Location<\/h2>\n<div class=\"ppb_header_content\">\n<p>Meh synth Schlitz, tempor duis single-origin coffee ea next level ethnic fingerstache fanny pack nostrud.<\/p>\n<\/div>\n<\/div>\n<\/div>\n<\/div>\n<\/div>\n<\/div>\n<div  class=\"one withsmallpadding ppb_header \" style=\"text-align:left;padding:30px 0 30px 0;\" >\n<div class=\"standard_wrapper\">\n<div class=\"page_content_wrapper\">\n<div class=\"inner\">\n<div style=\"width:100%\">\n<div class=\"ppb_header_content\">\n<h2>Informations<\/h2>\n<h2>pratiques<\/h2>\n<p>\u00a0<\/p>\n<\/div>\n<\/div>\n<\/div>\n<\/div>\n<\/div>\n<\/div>\n<div  class=\"one withsmallpadding ppb_header \" style=\"text-align:left;padding:30px 0 30px 0;\" >\n<div class=\"standard_wrapper\">\n<div class=\"page_content_wrapper\">\n<div class=\"inner\">\n<div style=\"width:100%\">\n<h2 class=\"ppb_title\" style=\";text-align:left;\">Geneva<\/h2>\n<div class=\"ppb_header_content\">\n<p>At the heart of Europe, Geneva has a long tradition in hosting major meetings and international organizations such as the United Nations, the World Health Organization, the International Labor Office, the United Nations International Red or the European Organization for Nuclear Research. For centuries, Geneva has positioned itself as the cultural center and home of many creative minds in the fields of science and arts. With the advantages of a small town combined with the comforts and services of a major city, Geneva is located in one of the most beautiful environments in Europe, between lake and mountain.<\/p>\n<\/div>\n<\/div>\n<\/div>\n<\/div>\n<\/div>\n<\/div>\n<div  class=\"one withsmallpadding ppb_header \" style=\"text-align:left;padding:30px 0 30px 0;\" >\n<div class=\"standard_wrapper\">\n<div class=\"page_content_wrapper\">\n<div class=\"inner\">\n<div style=\"width:100%\">\n<h2 class=\"ppb_title\" style=\";text-align:left;\">Geneva on a budget<\/h2>\n<div class=\"ppb_header_content\">\n<ul>\n<li><strong>Budget Flights<br \/>\n<\/strong>Among European cities, Geneva is one of the best connected by low-cost airlines. Altogether, there are more than a hundred direct daily flights landing in Geneva. It\u2019s so easy to take a city break! Airlines that service Geneva Airport (Cointrin) include Easyjet, Brussels Airline, Etihad Regional and Air Berlin.<\/li>\n<li><strong>A \u2018City Pass\u2019 for a budget price<br \/>\n<\/strong>The Geneva Pass, your key to explore the city!\u00a01 pass. 41 activities. With the Geneva Pass, you\u2019ll discover everything the city has to offer and the best spots! For 24, 48 or 72 hours, the city is yours to explore, with its museums, cruises on the lake, Segway, rafting and more\u2026over 40 attractions and activities that are free or discounted with your city card!<a href=\"https:\/\/www.geneve.com\/en\/plan-a-trip\/geneva-city-pass\" target=\"_blank\" rel=\"noopener\">\u00a0For more information<\/a><\/li>\n<li><strong>Budget Accommodation<br \/>\n<\/strong><a href=\"https:\/\/www.geneve.com\/en\/plan-a-trip\/where-to-stay\" target=\"_blank\" rel=\"noopener\">List of the hostels and residences<\/a><\/li>\n<\/ul>\n<\/div>\n<\/div>\n<\/div>\n<\/div>\n<\/div>\n<\/div>\n<div  class=\"one withsmallpadding ppb_header \" style=\"text-align:left;padding:30px 0 30px 0;\" >\n<div class=\"standard_wrapper\">\n<div class=\"page_content_wrapper\">\n<div class=\"inner\">\n<div style=\"width:100%\">\n<h2 class=\"ppb_title\" style=\";text-align:left;\">Public Transport: it\u2019s FREE!<\/h2>\n<div class=\"ppb_header_content\">\n<p>Guests of a hotel, a youth hostel or a Geneva campsite receive the\u00a0<strong>\u00abGeneva Transport Card\u00bb. <\/strong>Thanks to this card,\u00a0<strong>it entitles them to free public transportation<\/strong>\u00a0for the duration of your stay.<\/p>\n<p>This personal and non-transferable card is offered by the establishment where you will stay. It allows you to use without limits the Geneva network of public transport (UNIRESO: bus (TPG), train (CFF) and boat (Mouettes genevoises) for the duration of your stay.<\/p>\n<p><strong>At the airport, when you arrive, remember to collect your free public transport ticket for 80 minutes!<\/strong><\/p>\n<p>On the arrival floor at the airport, visitors can retrieve a free public transport ticket from the ticket machine in the luggage retrieval hall.<\/p>\n<p>This Unireso ticket, offered by Gen\u00e8ve A\u00e9roport, allows you to use public transport in Geneva for free for 80 minutes. It takes only 6 minutes from\/to Geneva city centre by train, leaving approximately every 12 minutes from the airport. There is direct access to the airport railway station from the airport Check-in and Arrival levels.<\/p>\n<\/div>\n<\/div>\n<\/div>\n<\/div>\n<\/div>\n<\/div>\n<div  class=\"one withsmallpadding ppb_header \" style=\"text-align:left;padding:30px 0 30px 0;\" >\n<div class=\"standard_wrapper\">\n<div class=\"page_content_wrapper\">\n<div class=\"inner\">\n<div style=\"width:100%\">\n<h2 class=\"ppb_title\" style=\";text-align:left;\">Congress Center \u2013 Palexpo<\/h2>\n<div class=\"ppb_header_content\">\n<p>Palexpo is an exhibition and convention centre in Geneva that provides an international venue and first-rate services for sporting, economic and cultural events. Palexpo hosts exhibitions, congresses, conferences, product launches, etc. in many different sectors (industry, services, culture, sports, leisure, etc.) and develop our own events that are in line with our mission.<\/p>\n<h4>Address<\/h4>\n<p>Route Fran\u00e7ois-Peyrot 30 \u2013 1218 Grand-Saconnex, Suisse<\/p>\n<h4>Access<\/h4>\n<p>Palexpo is ten minutes walk from the airport and its railway station, where trains provide connections for all of Switzerland (Geneva in less than 10 minutes, Lausanne in 40 minutes and Zurich in less than 3 hours).<\/p>\n<h4>Public Transport Access<\/h4>\n<p>You can also reach Palexpo using one of the many bus lines that go throughout Geneva and its surroundings:<\/p>\n<ul>\n<li>Line 5 &#8211; \u00ab\u00a0Palexpo\u00a0\u00bb stop<\/li>\n<li>Line 10 &#8211; \u00ab\u00a0Airport\u00a0\u00bb stop<\/li>\n<li>Line 23 &#8211; \u00ab\u00a0Palexpo-Halle 7\u00a0\u00bb stop<\/li>\n<li>Line 28 &#8211; \u00ab\u00a0Palexpo-Halle 7\u00a0\u00bb stop<\/li>\n<li>Line 50 &#8211; \u00ab\u00a0Palexpo-Halle 7\u00a0\u00bb stop<\/li>\n<li>Line 56 &#8211; \u00ab\u00a0Airport\u00a0\u00bb stop<\/li>\n<li>Line 57 &#8211; \u00ab\u00a0Airport\u00a0\u00bb stop<\/li>\n<li>Line 59 &#8211; \u00ab\u00a0Palexpo\u00a0\u00bb stop<\/li>\n<li>Line 66 &#8211; \u00ab\u00a0Palexpo-Halle 7\u00a0\u00bb stop<\/li>\n<\/ul>\n<h4>Access by rail<\/h4>\n<p><a href=\"https:\/\/www.sbb.ch\/en\/home.html\" target=\"_blank\" rel=\"noopener\">Rail schedule<\/a><\/p>\n<p><strong>Access by bike<\/strong><\/p>\n<p>Large site located at the top of Parc Sarasin, 150m from Palexpo main entrance. <a href=\"https:\/\/palexpo.ch\/fr\/acces-parking\" target=\"_blank\" rel=\"noopener\">Access map to download<\/a> .<\/p>\n<h4>Access by car<\/h4>\n<p>2,800 spaces available for visitors and exhibitors in the P12 car park.<\/p>\n<h4>COVID-19 Update<\/h4>\n<p><a href=\"https:\/\/meetings.myswitzerland.com\/en-ch\/planning\/transport\/covid-19-updates-and-entry-requirements\/\" target=\"_blank\" rel=\"noopener\">All current information on COVID-19 in Switzerland are available<\/a><\/p>\n<\/div>\n<\/div>\n<\/div>\n<\/div>\n<\/div>\n<\/div>\n<div  class=\"one withsmallpadding ppb_header \" style=\"text-align:left;padding:30px 0 30px 0;\" >\n<div class=\"standard_wrapper\">\n<div class=\"page_content_wrapper\">\n<div class=\"inner\">\n<div style=\"width:100%\">\n<h2 class=\"ppb_title\" style=\";text-align:left;\">Congress Center \u2013 Palexpo<\/h2>\n<div class=\"ppb_header_content\">\n<p>Palexpo is an exhibition and convention centre in Geneva that provides an international venue and first-rate services for sporting, economic and cultural events. Palexpo hosts exhibitions, congresses, conferences, product launches, etc. in many different sectors (industry, services, culture, sports, leisure, etc.) and develop our own events that are in line with our mission.<\/p>\n<h4>Address<\/h4>\n<p>Route Fran\u00e7ois-Peyrot 30 \u2013 1218 Grand-Saconnex, Suisse<\/p>\n<h4>Access<\/h4>\n<p>Palexpo is ten minutes walk from the airport and its railway station, where trains provide connections for all of Switzerland (Geneva in less than 10 minutes, Lausanne in 40 minutes and Zurich in less than 3 hours).<\/p>\n<h4>Public Transport Access<\/h4>\n<p>You can also reach Palexpo using one of the many bus lines that go throughout Geneva and its surroundings:<\/p>\n<ul>\n<li>Line 5 &#8211; \u00ab\u00a0Palexpo\u00a0\u00bb stop<\/li>\n<li>Line 10 &#8211; \u00ab\u00a0Airport\u00a0\u00bb stop<\/li>\n<li>Line 23 &#8211; \u00ab\u00a0Palexpo-Halle 7\u00a0\u00bb stop<\/li>\n<li>Line 28 &#8211; \u00ab\u00a0Palexpo-Halle 7\u00a0\u00bb stop<\/li>\n<li>Line 50 &#8211; \u00ab\u00a0Palexpo-Halle 7\u00a0\u00bb stop<\/li>\n<li>Line 56 &#8211; \u00ab\u00a0Airport\u00a0\u00bb stop<\/li>\n<li>Line 57 &#8211; \u00ab\u00a0Airport\u00a0\u00bb stop<\/li>\n<li>Line 59 &#8211; \u00ab\u00a0Palexpo\u00a0\u00bb stop<\/li>\n<li>Line 66 &#8211; \u00ab\u00a0Palexpo-Halle 7\u00a0\u00bb stop<\/li>\n<\/ul>\n<h4>Access by rail<\/h4>\n<p><a href=\"https:\/\/www.sbb.ch\/en\/home.html\" target=\"_blank\" rel=\"noopener\">Rail schedule<\/a><\/p>\n<p><strong>Access by bike<\/strong><\/p>\n<p>Large site located at the top of Parc Sarasin, 150m from Palexpo main entrance. <a href=\"https:\/\/palexpo.ch\/fr\/acces-parking\" target=\"_blank\" rel=\"noopener\">Access map to download<\/a> .<\/p>\n<h4>Access by car<\/h4>\n<p>2,800 spaces available for visitors and exhibitors in the P12 car park.<\/p>\n<h4>COVID-19 Update<\/h4>\n<p><a href=\"https:\/\/meetings.myswitzerland.com\/en-ch\/planning\/transport\/covid-19-updates-and-entry-requirements\/\" target=\"_blank\" rel=\"noopener\">All current information on COVID-19 in Switzerland are available<\/a><\/p>\n<\/div>\n<\/div>\n<\/div>\n<\/div>\n<\/div>\n<\/div>\n","protected":false},"excerpt":{"rendered":"<p>LES ASSISES EUROPEENNES DE LA TRANSITION ENERGETIQUE Rendez-vous annuel incontournable des acteurs engag\u00e9s dans la transition \u00e9nerg\u00e9tique des territoires depuis 1999, les Assises Europ\u00e9ennes de la Transition Energ\u00e9tiques accueillent chaque ann\u00e9e plus de 3500 participants \u2013 collectivit\u00e9s, scientifiques et experts [&hellip;]<\/p>\n","protected":false},"author":1,"featured_media":3108,"parent":0,"menu_order":28,"comment_status":"closed","ping_status":"closed","template":"","meta":{"_acf_changed":false,"_seopress_robots_primary_cat":"","_seopress_titles_title":"","_seopress_titles_desc":"","_seopress_robots_index":"","footnotes":""},"class_list":["post-3152","page","type-page","status-publish","has-post-thumbnail","hentry"],"acf":[],"_links":{"self":[{"href":"https:\/\/assises-energie.org\/en\/wp-json\/wp\/v2\/pages\/3152","targetHints":{"allow":["GET"]}}],"collection":[{"href":"https:\/\/assises-energie.org\/en\/wp-json\/wp\/v2\/pages"}],"about":[{"href":"https:\/\/assises-energie.org\/en\/wp-json\/wp\/v2\/types\/page"}],"author":[{"embeddable":true,"href":"https:\/\/assises-energie.org\/en\/wp-json\/wp\/v2\/users\/1"}],"replies":[{"embeddable":true,"href":"https:\/\/assises-energie.org\/en\/wp-json\/wp\/v2\/comments?post=3152"}],"version-history":[{"count":48,"href":"https:\/\/assises-energie.org\/en\/wp-json\/wp\/v2\/pages\/3152\/revisions"}],"predecessor-version":[{"id":3440,"href":"https:\/\/assises-energie.org\/en\/wp-json\/wp\/v2\/pages\/3152\/revisions\/3440"}],"wp:featuredmedia":[{"embeddable":true,"href":"https:\/\/assises-energie.org\/en\/wp-json\/wp\/v2\/media\/3108"}],"wp:attachment":[{"href":"https:\/\/assises-energie.org\/en\/wp-json\/wp\/v2\/media?parent=3152"}],"curies":[{"name":"wp","href":"https:\/\/api.w.org\/{rel}","templated":true}]}}