{"id":3474,"date":"2021-09-27T12:31:56","date_gmt":"2021-09-27T10:31:56","guid":{"rendered":"https:\/\/assises-energie.org\/plan-du-site\/"},"modified":"2022-04-27T13:02:09","modified_gmt":"2022-04-27T11:02:09","slug":"sitemap","status":"publish","type":"page","link":"https:\/\/assises-energie.org\/en\/sitemap\/","title":{"rendered":"Plan du site"},"content":{"rendered":"\r\n<div class=\"wp-block-columns is-layout-flex wp-container-core-columns-is-layout-9d6595d7 wp-block-columns-is-layout-flex\">\r\n<div class=\"wp-block-column is-layout-flow wp-block-column-is-layout-flow\">\r\n<p class=\"has-cyan-bluish-gray-color has-text-color\"><div class=\"wsp-container\"><h2 class=\"wsp-pages-title\">Pages<\/h2>\n<ul class=\"wsp-pages-list\">\n<li class=\"page_item page-item-8322\"><a href=\"https:\/\/assises-energie.org\/en\/2023-edition\/\">2023 Edition<\/a><\/li>\n<li class=\"page_item page-item-6271\"><a href=\"https:\/\/assises-energie.org\/en\/partenaires-2\/\">BECOME A PARTNER<\/a><\/li>\n<li class=\"page_item page-item-3150\"><a href=\"https:\/\/assises-energie.org\/en\/les-assises-europeennes-de-la-transition-energetique-3\/\">THE EUROPEAN ENERGY TRANSITION CONFERENCE<\/a><\/li>\n<li class=\"page_item page-item-5885\"><a href=\"https:\/\/assises-energie.org\/en\/le-programme\/\">Programme<\/a><\/li>\n<li class=\"page_item page-item-6266\"><a href=\"https:\/\/assises-energie.org\/en\/our-partners\/\">Our partners<\/a><\/li>\n<li class=\"page_item page-item-10956\"><a href=\"https:\/\/assises-energie.org\/en\/practical-informations\/\">Practical informations<\/a><\/li>\n<li class=\"page_item page-item-5883\"><a href=\"https:\/\/assises-energie.org\/en\/informations-pratiques\/\">USEFUL INFORMATION<\/a><\/li>\n<li class=\"page_item page-item-3152\"><a href=\"https:\/\/assises-energie.org\/en\/visiteurs\/\">Visiteurs<\/a><\/li>\n<li class=\"page_item page-item-3474\"><a href=\"https:\/\/assises-energie.org\/en\/sitemap\/\">Plan du site<\/a><\/li>\n<li class=\"page_item page-item-5839\"><a href=\"https:\/\/assises-energie.org\/en\/\">Accueil<\/a><\/li>\n<li class=\"page_item page-item-5871\"><a href=\"https:\/\/assises-energie.org\/en\/carrefour-des-metiers\/\">Job forum for Energy Transition<\/a><\/li>\n<li class=\"page_item page-item-5881\"><a href=\"https:\/\/assises-energie.org\/en\/le-village-de-la-transition-energetique\/\">THE ENERGY TRANSITION VILLAGE<\/a><\/li>\n<li class=\"page_item page-item-3151\"><a href=\"https:\/\/assises-energie.org\/en\/programme\/\">Programme<\/a><\/li>\n<li class=\"page_item page-item-3153\"><a href=\"https:\/\/assises-energie.org\/en\/news\/\">News<\/a><\/li>\n<\/ul>\n<\/div><\/p>\r\n\r\n\r\n\r\n<div class=\"wsp-container\"><h2 class=\"wsp-sessions-title\">Sessions<\/h2>\n<ul class=\"wsp-sessions-list\">\n<li><a href=\"https:\/\/assises-energie.org\/en\/session\/conclusion-of-the-conference-by-jean-francois-caron\/\">Conclusion of the conference by Jean-Fran\u00e7ois CARON<\/a><\/li>\n<li><a href=\"https:\/\/assises-energie.org\/en\/session\/jean-francois-carons-mood-of-the-day\/\">Jean-Fran\u00e7ois CARON's mood of the day<\/a><\/li>\n<li><a href=\"https:\/\/assises-energie.org\/en\/session\/interview-with-jean-francois-caron-the-human-and-the-societal-at-the-heart-of-transitions%e2%80%af\/\">Interview with Jean-Fran\u00e7ois CARON: the human and the societal at the heart of transitions\u202f<\/a><\/li>\n<li><a href=\"https:\/\/assises-energie.org\/en\/session\/break-4\/\">Break<\/a><\/li>\n<li><a href=\"https:\/\/assises-energie.org\/en\/session\/break-3\/\">Break<\/a><\/li>\n<li><a href=\"https:\/\/assises-energie.org\/en\/session\/break-2\/\">Break<\/a><\/li>\n<li><a href=\"https:\/\/assises-energie.org\/en\/session\/break\/\">Break<\/a><\/li>\n<li><a href=\"https:\/\/assises-energie.org\/en\/session\/closing-address\/\">Closing address<\/a><\/li>\n<li><a href=\"https:\/\/assises-energie.org\/en\/session\/energy-sobriety-in-the-home-the-lever-of-guidance-for-households\/\">Energy sobriety in the home, the lever of guidance for households<\/a><\/li>\n<li><a href=\"https:\/\/assises-energie.org\/en\/session\/digital-technology-an-energy-abyss-or-lever-for-control\/\">Digital technology - an energy abyss or lever for control?<\/a><\/li>\n<li><a href=\"https:\/\/assises-energie.org\/en\/session\/energy-prospects-no-carbon-neutrality-without-sobriety\/\">Energy prospects: no carbon neutrality without sobriety<\/a><\/li>\n<li><a href=\"https:\/\/assises-energie.org\/en\/session\/sustainable-finance-putting-words-into-action\/\">Sustainable finance: putting words into action<\/a><\/li>\n<li><a href=\"https:\/\/assises-energie.org\/en\/session\/local-and-regional-authorities-get-involved-in-the-programme-fostering-commitment-to-ecological-transition\/\">Local and regional authorities get involved in the programme fostering commitment to ecological transition<\/a><\/li>\n<li><a href=\"https:\/\/assises-energie.org\/en\/session\/lunch-3\/\">Lunch<\/a><\/li>\n<li><a href=\"https:\/\/assises-energie.org\/en\/session\/lunch-2\/\">Lunch<\/a><\/li>\n<li><a href=\"https:\/\/assises-energie.org\/en\/session\/lunch\/\">Lunch<\/a><\/li>\n<li><a href=\"https:\/\/assises-energie.org\/en\/session\/geothermal-energy-and-the-environment-how-to-encourage-the-emergence-of-quality-projects\/\">Geothermal energy and the environment: how to encourage the emergence of quality projects?<\/a><\/li>\n<li><a href=\"https:\/\/assises-energie.org\/en\/session\/controlling-demand-through-the-utilities\/\">Controlling demand through the utilities<\/a><\/li>\n<li><a href=\"https:\/\/assises-energie.org\/en\/session\/economising-on-space-economising-on-energy-and-more\/\">Economising on space, economising on energy, and more<\/a><\/li>\n<li><a href=\"https:\/\/assises-energie.org\/en\/session\/minds-under-the-influence\/\">Minds under the influence\u2026<\/a><\/li>\n<li><a href=\"https:\/\/assises-energie.org\/en\/session\/the-grand-dialogue-cerebral-introspection\/\">The Grand Dialogue :  cerebral introspection<\/a><\/li>\n<li><a href=\"https:\/\/assises-energie.org\/en\/session\/brains-on-the-couch\/\">Brains on the couch<\/a><\/li>\n<li><a href=\"https:\/\/assises-energie.org\/en\/session\/diner-in-town\/\">Diner in town<\/a><\/li>\n<li><a href=\"https:\/\/assises-energie.org\/en\/session\/gala-evening-palexpo\/\">Gala Evening - Palexpo<\/a><\/li>\n<li><a href=\"https:\/\/assises-energie.org\/en\/session\/from-the-north-to-the-south-of-europe-inspiring-experiences\/\">From the North to the South of Europe - inspiring experiences<\/a><\/li>\n<li><a href=\"https:\/\/assises-energie.org\/en\/session\/local-authorities-raising-the-challenge-of-consuming-less\/\">Local authorities raising the challenge of consuming less<\/a><\/li>\n<li><a href=\"https:\/\/assises-energie.org\/en\/session\/between-global-and-local-levels-framework-policies\/\">Between global and local levels - framework policies<\/a><\/li>\n<li><a href=\"https:\/\/assises-energie.org\/en\/session\/the-great-debate-what-levers-are-required-to-generate-more-sobriety-at-international-european-and-national-level-how-can-sobriety-be-enhanced\/\">The Great Debate:  What levers are required to generate more sobriety at international, European and national level? How can sobriety be enhanced?<\/a><\/li>\n<li><a href=\"https:\/\/assises-energie.org\/en\/session\/keynote-address\/\">Keynote address<\/a><\/li>\n<li><a href=\"https:\/\/assises-energie.org\/en\/session\/openingplenary\/\">Opening plenary: Less of what? For more of what?<\/a><\/li>\n<li><a href=\"https:\/\/assises-energie.org\/en\/session\/soiree-libre-en\/\">Free evening<\/a><\/li>\n<li><a href=\"https:\/\/assises-energie.org\/en\/session\/conference-du-cler-reseau-pour-la-transition-energetique\/\">Conf\u00e9rence du CLER-R\u00e9seau pour la transition \u00e9nerg\u00e9tique<\/a><\/li>\n<\/ul>\n<\/div>\r\n<\/div>\r\n\r\n\r\n\r\n<div class=\"wp-block-column is-layout-flow wp-block-column-is-layout-flow\">\r\n<div class=\"wsp-container\"><h2 class=\"wsp-speakers-title\">Speakers<\/h2>\n<ul class=\"wsp-speakers-list\">\n<li><a href=\"https:\/\/assises-energie.org\/en\/speaker\/antonio-hodgers\/\">Antonio Hodgers - Pr\u00e9sident of Grand Gen\u00e8ve<\/a><\/li>\n<\/ul>\n<\/div>\r\n<\/div>\r\n<\/div>\r\n\r\n\r\n\r\n<p>&nbsp;<\/p>\r\n","protected":false},"excerpt":{"rendered":"<p>&nbsp;<\/p>\n","protected":false},"author":1,"featured_media":0,"parent":0,"menu_order":31,"comment_status":"closed","ping_status":"closed","template":"","meta":{"_acf_changed":false,"_seopress_robots_primary_cat":"","_seopress_titles_title":"","_seopress_titles_desc":"","_seopress_robots_index":"","footnotes":""},"class_list":["post-3474","page","type-page","status-publish","hentry"],"acf":[],"_links":{"self":[{"href":"https:\/\/assises-energie.org\/en\/wp-json\/wp\/v2\/pages\/3474","targetHints":{"allow":["GET"]}}],"collection":[{"href":"https:\/\/assises-energie.org\/en\/wp-json\/wp\/v2\/pages"}],"about":[{"href":"https:\/\/assises-energie.org\/en\/wp-json\/wp\/v2\/types\/page"}],"author":[{"embeddable":true,"href":"https:\/\/assises-energie.org\/en\/wp-json\/wp\/v2\/users\/1"}],"replies":[{"embeddable":true,"href":"https:\/\/assises-energie.org\/en\/wp-json\/wp\/v2\/comments?post=3474"}],"version-history":[{"count":3,"href":"https:\/\/assises-energie.org\/en\/wp-json\/wp\/v2\/pages\/3474\/revisions"}],"predecessor-version":[{"id":6285,"href":"https:\/\/assises-energie.org\/en\/wp-json\/wp\/v2\/pages\/3474\/revisions\/6285"}],"wp:attachment":[{"href":"https:\/\/assises-energie.org\/en\/wp-json\/wp\/v2\/media?parent=3474"}],"curies":[{"name":"wp","href":"https:\/\/api.w.org\/{rel}","templated":true}]}}