{"id":5839,"date":"2017-02-26T09:18:54","date_gmt":"2017-02-26T09:18:54","guid":{"rendered":"https:\/\/assises-energie.org\/home-1-classic-conference-2\/"},"modified":"2025-06-10T15:56:45","modified_gmt":"2025-06-10T13:56:45","slug":"home-1-classic-conference-2","status":"publish","type":"page","link":"https:\/\/assises-energie.org\/en\/","title":{"rendered":"Accueil"},"content":{"rendered":"<div  class=\"one withsmallpadding ppb_header \" style=\"text-align:left;padding:30px 0 30px 0;\" >\n<div class=\"standard_wrapper\">\n<div class=\"page_content_wrapper\">\n<div class=\"inner\">\n<div style=\"width:100%\">\n<h2 class=\"ppb_title\" style=\";text-align:left;\">Check the program <\/h2>\n<div class=\"ppb_header_content\">\n<p><a href=\"https:\/\/assises-energie.org\/wp-content\/uploads\/2025\/06\/EN_CROSSBORDER_EU_AETE_24_june_V1.pdf\">EN_CROSSBORDER_EU_AETE_24_june_V1<\/a><\/p>\n<p><a href=\"https:\/\/assises-energie.org\/wp-content\/uploads\/2025\/06\/EN_CROSSBORDER_EU_AETE_25_june_V1.pdf\">EN_CROSSBORDER_EU_AETE_25_june_V1<\/a><\/p>\n<p><a href=\"https:\/\/assises-energie.org\/wp-content\/uploads\/2025\/06\/DE_GRENZ_EU_AETE_24_juni_V1.pdf\">DE_GRENZ_EU_AETE_24_juni_V1<\/a><\/p>\n<p><a href=\"https:\/\/assises-energie.org\/wp-content\/uploads\/2025\/06\/DE_GRENZ_EU_AETE_25_juni_V1.pdf\">DE_GRENZ_EU_AETE_25_juni_V1<\/a><\/p>\n<\/div>\n<\/div>\n<\/div>\n<\/div>\n<\/div>\n<\/div>\n<div  class=\"one withsmallpadding ppb_header \" style=\"text-align:left;padding:30px 0 30px 0;\" >\n<div class=\"standard_wrapper\">\n<div class=\"page_content_wrapper\">\n<div class=\"inner\">\n<div style=\"width:100%\">\n<div class=\"ppb_header_content\">\n<div class=\"social-desktop\"><script async src=\"https:\/\/walls.io\/js\/wallsio-widget-1.2.js\" data-wallurl=\"https:\/\/my.walls.io\/e5wyz?nobackground=1&#038;show_header=0\" data-title=\"My social wall\" data-width=\"100%\" data-height=\"800\" data-height=\"800\" data-lazyload=\"1\"><\/script><\/div>\n<\/div>\n<\/div>\n<\/div>\n<\/div>\n<\/div>\n<\/div>\n<div  class=\"one withsmallpadding ppb_header \" style=\"text-align:left;padding:30px 0 30px 0;\" >\n<div class=\"standard_wrapper\">\n<div class=\"page_content_wrapper\">\n<div class=\"inner\">\n<div style=\"width:100%\">\n<div class=\"ppb_header_content\">\n<div  class=\"social-mobile\"><script async src=\"https:\/\/walls.io\/js\/wallsio-widget-1.2.js\" data-wallurl=\"https:\/\/my.walls.io\/e5wyz?nobackground=1&#038;show_header=0&#038;columns=1\" data-title=\"My social wall\" data-width=\"100%\" data-autoheight=\"1\" data-height=\"800\" data-lazyload=\"1\"><\/script><\/div>\n<\/div>\n<\/div>\n<\/div>\n<\/div>\n<\/div>\n<\/div>\n","protected":false},"excerpt":{"rendered":"<p>Check the program EN_CROSSBORDER_EU_AETE_24_june_V1 EN_CROSSBORDER_EU_AETE_25_june_V1 DE_GRENZ_EU_AETE_24_juni_V1 DE_GRENZ_EU_AETE_25_juni_V1<\/p>\n","protected":false},"author":1,"featured_media":0,"parent":0,"menu_order":34,"comment_status":"closed","ping_status":"closed","template":"","meta":{"_acf_changed":false,"_seopress_robots_primary_cat":"","_seopress_titles_title":"Les assises europ\u00e9ennes de la transition \u00e9nerg\u00e9tique","_seopress_titles_desc":"Bienvenue sur le site des Assises, LE rendez-vous europ\u00e9en pour r\u00e9ussir la transition \u00e9nerg\u00e9tique de nos territoires","_seopress_robots_index":"","footnotes":""},"class_list":["post-5839","page","type-page","status-publish","hentry"],"acf":[],"_links":{"self":[{"href":"https:\/\/assises-energie.org\/en\/wp-json\/wp\/v2\/pages\/5839","targetHints":{"allow":["GET"]}}],"collection":[{"href":"https:\/\/assises-energie.org\/en\/wp-json\/wp\/v2\/pages"}],"about":[{"href":"https:\/\/assises-energie.org\/en\/wp-json\/wp\/v2\/types\/page"}],"author":[{"embeddable":true,"href":"https:\/\/assises-energie.org\/en\/wp-json\/wp\/v2\/users\/1"}],"replies":[{"embeddable":true,"href":"https:\/\/assises-energie.org\/en\/wp-json\/wp\/v2\/comments?post=5839"}],"version-history":[{"count":99,"href":"https:\/\/assises-energie.org\/en\/wp-json\/wp\/v2\/pages\/5839\/revisions"}],"predecessor-version":[{"id":11764,"href":"https:\/\/assises-energie.org\/en\/wp-json\/wp\/v2\/pages\/5839\/revisions\/11764"}],"wp:attachment":[{"href":"https:\/\/assises-energie.org\/en\/wp-json\/wp\/v2\/media?parent=5839"}],"curies":[{"name":"wp","href":"https:\/\/api.w.org\/{rel}","templated":true}]}}